{"id":1571,"date":"2022-07-19T16:47:17","date_gmt":"2022-07-19T19:47:17","guid":{"rendered":"http:\/\/activamedical.com.br\/hoya\/?page_id=1571"},"modified":"2022-07-25T15:42:42","modified_gmt":"2022-07-25T18:42:42","slug":"troca-de-lios","status":"publish","type":"page","link":"https:\/\/activamedical.com.br\/hoya\/troca-de-lios\/","title":{"rendered":"Troca de LIOs"},"content":{"rendered":"\n<p>Para solicitar a troca de LENTES INTRAOCULARES&nbsp;utilize o formul\u00e1rio abaixo:<\/p>\n\n\n\n<div class=\"wp-block-contact-form-7-contact-form-selector\"><div role=\"form\" class=\"wpcf7\" id=\"wpcf7-f1599-o1\" lang=\"pt-BR\" dir=\"ltr\">\n<div class=\"screen-reader-response\"><p role=\"status\" aria-live=\"polite\" aria-atomic=\"true\"><\/p> <ul><\/ul><\/div>\n<form action=\"\/hoya\/wp-json\/wp\/v2\/pages\/1571#wpcf7-f1599-o1\" method=\"post\" class=\"wpcf7-form init\" novalidate=\"novalidate\" data-status=\"init\">\n<div style=\"display: none;\">\n<input type=\"hidden\" name=\"_wpcf7\" value=\"1599\" \/>\n<input type=\"hidden\" name=\"_wpcf7_version\" value=\"5.6.3\" \/>\n<input type=\"hidden\" name=\"_wpcf7_locale\" value=\"pt_BR\" \/>\n<input type=\"hidden\" name=\"_wpcf7_unit_tag\" value=\"wpcf7-f1599-o1\" \/>\n<input type=\"hidden\" name=\"_wpcf7_container_post\" value=\"0\" \/>\n<input type=\"hidden\" name=\"_wpcf7_posted_data_hash\" value=\"\" \/>\n<\/div>\n<p><label> Raz\u00e3o Social<br \/>\n    <span class=\"wpcf7-form-control-wrap\" data-name=\"razao\"><input type=\"text\" name=\"razao\" value=\"\" size=\"40\" class=\"wpcf7-form-control wpcf7-text wpcf7-validates-as-required\" aria-required=\"true\" aria-invalid=\"false\" placeholder=\"raz\u00e3o social\" \/><\/span> <\/label><\/p>\n<div class=\"half-left\"><label> Nome do solicitante<br \/>\n    <span class=\"wpcf7-form-control-wrap\" data-name=\"your-name\"><input type=\"text\" name=\"your-name\" value=\"\" size=\"40\" class=\"wpcf7-form-control wpcf7-text wpcf7-validates-as-required\" aria-required=\"true\" aria-invalid=\"false\" placeholder=\"nome do solicitante\" \/><\/span> <\/label><\/div>\n<div class=\"half-right\"><label> E-mail de contato<br \/>\n    <span class=\"wpcf7-form-control-wrap\" data-name=\"your-email\"><input type=\"email\" name=\"your-email\" value=\"\" size=\"40\" class=\"wpcf7-form-control wpcf7-text wpcf7-email wpcf7-validates-as-required wpcf7-validates-as-email\" aria-required=\"true\" aria-invalid=\"false\" placeholder=\"e-mail\" \/><\/span> <\/label><\/div>\n<div class=\"half-left\"><label> C\u00f3digo do cliente<br \/>\n    <span class=\"wpcf7-form-control-wrap\" data-name=\"codigo\"><input type=\"text\" name=\"codigo\" value=\"\" size=\"40\" class=\"wpcf7-form-control wpcf7-text wpcf7-validates-as-required\" aria-required=\"true\" aria-invalid=\"false\" placeholder=\"c\u00f3digo\" \/><\/span> <\/label><\/div>\n<div class=\"half-right\"><label> CNPJ<br \/>\n     <span class=\"wpcf7-form-control-wrap\" data-name=\"cnpj\"><input type=\"text\" name=\"cnpj\" value=\"\" size=\"40\" class=\"wpcf7-form-control wpcf7-text wpcf7-validates-as-required\" aria-required=\"true\" aria-invalid=\"false\" placeholder=\"cnpj\" \/><\/span> <\/label><\/div>\n<div style=\"clear:both; height:10px;\"><\/div>\n<div class=\"diventrega\"> forma de entrega: <span class=\"wpcf7-form-control-wrap\" data-name=\"entrega\"><span class=\"wpcf7-form-control wpcf7-radio\"><span class=\"wpcf7-list-item first\"><label><input type=\"radio\" name=\"entrega\" value=\"motoboy\" \/><span class=\"wpcf7-list-item-label\">motoboy<\/span><\/label><\/span><span class=\"wpcf7-list-item\"><label><input type=\"radio\" name=\"entrega\" value=\"sedex comum\" \/><span class=\"wpcf7-list-item-label\">sedex comum<\/span><\/label><\/span><span class=\"wpcf7-list-item last\"><label><input type=\"radio\" name=\"entrega\" value=\"sedex 10\" \/><span class=\"wpcf7-list-item-label\">sedex 10<\/span><\/label><\/span><\/span><\/span><\/div>\n<div>\n    <span class=\"wpcf7-form-control-wrap\" data-name=\"your-message\"><textarea name=\"your-message\" cols=\"40\" rows=\"10\" class=\"wpcf7-form-control wpcf7-textarea\" aria-invalid=\"false\" placeholder=\"observa\u00e7\u00f5es\"><\/textarea><\/span> <\/div>\n<div class=\"form-text\">\n<p>Declaro que estou ciente de que necessito devolver a(s) lente(s) abaixo relacionada(s), a(s) qual (is) solicitei como troca \u00e0 Activa Advance Medical Group Ltda, CNPJ 23.378.089\/0001-20 localizada \u00e0 Rua In\u00e1cio Luis da Costa, 1632 \u2013 05112-010 \u2013 Parque S\u00e3o Domingos \u2013 S\u00e3o Paulo - SP, no per\u00edodo m\u00e1ximo de 10 dias \u00fateis, para evitar que as lentes que me foram enviadas sejam cobradas pela Activa Advance Medical. Comprometo-me desde j\u00e1 que se n\u00e3o devolver as lentes dentro desse prazo e fora das condi\u00e7\u00f5es de reintegra\u00e7\u00e3o do Departamento de Qualidade da Activa, efetuarei o pagamento das lentes enviadas pela Activa Advance Medical no vencimento constante no boleto banc\u00e1rio de cobran\u00e7a.<\/p>\n<p><span style=\"font-weight:bold; color:#F00;\">IMPORTANTE: <\/span>Os produtos constantes nessa rela\u00e7\u00e3o devem estar em condi\u00e7\u00f5es de reintegra\u00e7\u00e3o ao estoque de comercializa\u00e7\u00e3o, com embalagem \u00edntegra e sem marca\u00e7\u00f5es a tinta, ou em fitas adesivas, com prazo de vencimento m\u00ednimo de 6 meses e 10 dias.<\/p>\n<p>Declaro ainda, estar ciente de que s\u00e3o meus os custos para retornar as lentes para a Activa Advance Medical, assumindo o compromisso de enviar c\u00f3pia deste formul\u00e1rio junto \u00e0s lentes que ser\u00e3o devolvidas, pois sem tal c\u00f3pia os produtos  n\u00e3o poder\u00e3o ser aceitos pela Activa Advance Medical. Declaro tamb\u00e9m que por n\u00e3o ser contribuinte conforme art. 63, I, \u201ca\u201d, e 452 do RICMS\/SP, estou isento da emiss\u00e3o da respectiva Nota Fiscal, ficando a encargo da empresa Activa Advance Medical Group Ltda a emiss\u00e3o da Nota Fiscal de entrada bem como a Nota Fiscal de sa\u00edda, quando da remessa das lentes em solicitadas.<\/p>\n<p><span style=\"font-weight:bold; color:#F00; font-size: 120%;\">ATEN\u00c7\u00c3O: As lentes enviadas \u00e0 Activa Advance Medical devem ser embaladas adequadamente e acondicionadas em uma caixa de papel\u00e3o, juntamente com uma c\u00f3pia deste formul\u00e1rio.<\/span>\n<\/div>\n<div class=\"diventrega\" style=\"background-color: #E2E9EF;\"><span style=\"font-weight:bold;\"><span class=\"wpcf7-form-control-wrap\" data-name=\"ciente\"><span class=\"wpcf7-form-control wpcf7-checkbox wpcf7-validates-as-required\"><span class=\"wpcf7-list-item first last\"><input type=\"checkbox\" name=\"ciente[]\" value=\"Li e estou de acordo com as condi\u00e7\u00f5es deste termo.\" \/><span class=\"wpcf7-list-item-label\">Li e estou de acordo com as condi\u00e7\u00f5es deste termo.<\/span><\/span><\/span><\/span><\/span><\/div>\n<table class=\"troca\">\n<tr align=\"center\">\n<td colspan=\"5\" align=\"center\">LENTES SENDO DEVOLVIDAS<\/td>\n<td align=\"center\">LENTES A SEREM REPOSTAS<\/td>\n<\/tr>\n<tr align=\"center\">\n<td width=\"20\" align=\"center\">&nbsp;<\/td>\n<td align=\"center\" width=\"20%\">Modelo<\/td>\n<td align=\"center\" width=\"20%\">Dioptria<\/td>\n<td align=\"center\" width=\"20%\">N\u00famero de s\u00e9rie<\/td>\n<td align=\"center\" width=\"20%\">Validade<\/td>\n<td align=\"center\" width=\"20%\">Dioptria<\/td>\n<\/tr>\n<tr>\n<td align=\"center\" style=\"padding-top:5px;\">1<\/td>\n<td align=\"center\"> <span class=\"wpcf7-form-control-wrap\" data-name=\"lente_retornada1_modelo\"><input type=\"text\" name=\"lente_retornada1_modelo\" value=\"\" size=\"40\" class=\"wpcf7-form-control wpcf7-text wpcf7-validates-as-required\" aria-required=\"true\" aria-invalid=\"false\" \/><\/span> <\/td>\n<td align=\"center\"><span class=\"wpcf7-form-control-wrap\" data-name=\"lente_retornada1_dioptria\"><input type=\"text\" name=\"lente_retornada1_dioptria\" value=\"\" size=\"40\" class=\"wpcf7-form-control wpcf7-text wpcf7-validates-as-required\" aria-required=\"true\" aria-invalid=\"false\" \/><\/span><\/td>\n<td align=\"center\"><span class=\"wpcf7-form-control-wrap\" data-name=\"lente_retornada1_numero\"><input type=\"text\" name=\"lente_retornada1_numero\" value=\"\" size=\"40\" class=\"wpcf7-form-control wpcf7-text wpcf7-validates-as-required\" aria-required=\"true\" aria-invalid=\"false\" \/><\/span><\/td>\n<td align=\"center\"><span class=\"wpcf7-form-control-wrap\" data-name=\"lente_retornada1_validade\"><input type=\"text\" name=\"lente_retornada1_validade\" value=\"\" size=\"40\" class=\"wpcf7-form-control wpcf7-text wpcf7-validates-as-required\" aria-required=\"true\" aria-invalid=\"false\" \/><\/span><\/td>\n<td align=\"center\"><span class=\"wpcf7-form-control-wrap\" data-name=\"dioptria_desejada1\"><input type=\"text\" name=\"dioptria_desejada1\" value=\"\" size=\"40\" class=\"wpcf7-form-control wpcf7-text wpcf7-validates-as-required\" aria-required=\"true\" aria-invalid=\"false\" \/><\/span><\/td>\n<\/tr>\n<tr>\n<td align=\"center\">2<\/td>\n<td align=\"center\"> <span class=\"wpcf7-form-control-wrap\" data-name=\"lente_retornada2_modelo\"><input type=\"text\" name=\"lente_retornada2_modelo\" value=\"\" size=\"40\" class=\"wpcf7-form-control wpcf7-text\" aria-invalid=\"false\" \/><\/span> <\/td>\n<td align=\"center\"><span class=\"wpcf7-form-control-wrap\" data-name=\"lente_retornada2_dioptria\"><input type=\"text\" name=\"lente_retornada2_dioptria\" value=\"\" size=\"40\" class=\"wpcf7-form-control wpcf7-text\" aria-invalid=\"false\" \/><\/span><\/td>\n<td align=\"center\"><span class=\"wpcf7-form-control-wrap\" data-name=\"lente_retornada2_numero\"><input type=\"text\" name=\"lente_retornada2_numero\" value=\"\" size=\"40\" class=\"wpcf7-form-control wpcf7-text\" aria-invalid=\"false\" \/><\/span><\/td>\n<td align=\"center\"><span class=\"wpcf7-form-control-wrap\" data-name=\"lente_retornada2_validade\"><input type=\"text\" name=\"lente_retornada2_validade\" value=\"\" size=\"40\" class=\"wpcf7-form-control wpcf7-text\" aria-invalid=\"false\" \/><\/span><\/td>\n<td align=\"center\"><span class=\"wpcf7-form-control-wrap\" data-name=\"dioptria_desejada2\"><input type=\"text\" name=\"dioptria_desejada2\" value=\"\" size=\"40\" class=\"wpcf7-form-control wpcf7-text\" aria-invalid=\"false\" \/><\/span><\/td>\n<\/tr>\n<tr>\n<td align=\"center\">3<\/td>\n<td align=\"center\"> <span class=\"wpcf7-form-control-wrap\" data-name=\"lente_retornada3_modelo\"><input type=\"text\" name=\"lente_retornada3_modelo\" value=\"\" size=\"40\" class=\"wpcf7-form-control wpcf7-text\" aria-invalid=\"false\" \/><\/span> <\/td>\n<td align=\"center\"><span class=\"wpcf7-form-control-wrap\" data-name=\"lente_retornada3_dioptria\"><input type=\"text\" name=\"lente_retornada3_dioptria\" value=\"\" size=\"40\" class=\"wpcf7-form-control wpcf7-text\" aria-invalid=\"false\" \/><\/span><\/td>\n<td align=\"center\"><span class=\"wpcf7-form-control-wrap\" data-name=\"lente_retornada3_numero\"><input type=\"text\" name=\"lente_retornada3_numero\" value=\"\" size=\"40\" class=\"wpcf7-form-control wpcf7-text\" aria-invalid=\"false\" \/><\/span><\/td>\n<td align=\"center\"><span class=\"wpcf7-form-control-wrap\" data-name=\"lente_retornada3_validade\"><input type=\"text\" name=\"lente_retornada3_validade\" value=\"\" size=\"40\" class=\"wpcf7-form-control wpcf7-text\" aria-invalid=\"false\" \/><\/span><\/td>\n<td align=\"center\"><span class=\"wpcf7-form-control-wrap\" data-name=\"dioptria_desejada3\"><input type=\"text\" name=\"dioptria_desejada3\" value=\"\" size=\"40\" class=\"wpcf7-form-control wpcf7-text\" aria-invalid=\"false\" \/><\/span><\/td>\n<\/tr>\n<tr>\n<td align=\"center\">4<\/td>\n<td align=\"center\"> <span class=\"wpcf7-form-control-wrap\" data-name=\"lente_retornada4_modelo\"><input type=\"text\" name=\"lente_retornada4_modelo\" value=\"\" size=\"40\" class=\"wpcf7-form-control wpcf7-text\" aria-invalid=\"false\" \/><\/span> <\/td>\n<td align=\"center\"><span class=\"wpcf7-form-control-wrap\" data-name=\"lente_retornada4_dioptria\"><input type=\"text\" name=\"lente_retornada4_dioptria\" value=\"\" size=\"40\" class=\"wpcf7-form-control wpcf7-text\" aria-invalid=\"false\" \/><\/span><\/td>\n<td align=\"center\"><span class=\"wpcf7-form-control-wrap\" data-name=\"lente_retornada4_numero\"><input type=\"text\" name=\"lente_retornada4_numero\" value=\"\" size=\"40\" class=\"wpcf7-form-control wpcf7-text\" aria-invalid=\"false\" \/><\/span><\/td>\n<td align=\"center\"><span class=\"wpcf7-form-control-wrap\" data-name=\"lente_retornada4_validade\"><input type=\"text\" name=\"lente_retornada4_validade\" value=\"\" size=\"40\" class=\"wpcf7-form-control wpcf7-text\" aria-invalid=\"false\" \/><\/span><\/td>\n<td align=\"center\"><span class=\"wpcf7-form-control-wrap\" data-name=\"dioptria_desejada4\"><input type=\"text\" name=\"dioptria_desejada4\" value=\"\" size=\"40\" class=\"wpcf7-form-control wpcf7-text\" aria-invalid=\"false\" \/><\/span><\/td>\n<\/tr>\n<tr>\n<td align=\"center\">5<\/td>\n<td align=\"center\"> <span class=\"wpcf7-form-control-wrap\" data-name=\"lente_retornada5_modelo\"><input type=\"text\" name=\"lente_retornada5_modelo\" value=\"\" size=\"40\" class=\"wpcf7-form-control wpcf7-text\" aria-invalid=\"false\" \/><\/span> <\/td>\n<td align=\"center\"><span class=\"wpcf7-form-control-wrap\" data-name=\"lente_retornada5_dioptria\"><input type=\"text\" name=\"lente_retornada5_dioptria\" value=\"\" size=\"40\" class=\"wpcf7-form-control wpcf7-text\" aria-invalid=\"false\" \/><\/span><\/td>\n<td align=\"center\"><span class=\"wpcf7-form-control-wrap\" data-name=\"lente_retornada5_numero\"><input type=\"text\" name=\"lente_retornada5_numero\" value=\"\" size=\"40\" class=\"wpcf7-form-control wpcf7-text\" aria-invalid=\"false\" \/><\/span><\/td>\n<td align=\"center\"><span class=\"wpcf7-form-control-wrap\" data-name=\"lente_retornada5_validade\"><input type=\"text\" name=\"lente_retornada5_validade\" value=\"\" size=\"40\" class=\"wpcf7-form-control wpcf7-text\" aria-invalid=\"false\" \/><\/span><\/td>\n<td align=\"center\"><span class=\"wpcf7-form-control-wrap\" data-name=\"dioptria_desejada5\"><input type=\"text\" name=\"dioptria_desejada5\" value=\"\" size=\"40\" class=\"wpcf7-form-control wpcf7-text\" aria-invalid=\"false\" \/><\/span><\/td>\n<\/tr>\n<tr>\n<td align=\"center\">6<\/td>\n<td align=\"center\"> <span class=\"wpcf7-form-control-wrap\" data-name=\"lente_retornada6_modelo\"><input type=\"text\" name=\"lente_retornada6_modelo\" value=\"\" size=\"40\" class=\"wpcf7-form-control wpcf7-text\" aria-invalid=\"false\" \/><\/span> <\/td>\n<td align=\"center\"><span class=\"wpcf7-form-control-wrap\" data-name=\"lente_retornada6_dioptria\"><input type=\"text\" name=\"lente_retornada6_dioptria\" value=\"\" size=\"40\" class=\"wpcf7-form-control wpcf7-text\" aria-invalid=\"false\" \/><\/span><\/td>\n<td align=\"center\"><span class=\"wpcf7-form-control-wrap\" data-name=\"lente_retornada6_numero\"><input type=\"text\" name=\"lente_retornada6_numero\" value=\"\" size=\"40\" class=\"wpcf7-form-control wpcf7-text\" aria-invalid=\"false\" \/><\/span><\/td>\n<td align=\"center\"><span class=\"wpcf7-form-control-wrap\" data-name=\"lente_retornada6_validade\"><input type=\"text\" name=\"lente_retornada6_validade\" value=\"\" size=\"40\" class=\"wpcf7-form-control wpcf7-text\" aria-invalid=\"false\" \/><\/span><\/td>\n<td align=\"center\"><span class=\"wpcf7-form-control-wrap\" data-name=\"dioptria_desejada6\"><input type=\"text\" name=\"dioptria_desejada6\" value=\"\" size=\"40\" class=\"wpcf7-form-control wpcf7-text\" aria-invalid=\"false\" \/><\/span><\/td>\n<\/tr>\n<tr>\n<td align=\"center\">7<\/td>\n<td align=\"center\"> <span class=\"wpcf7-form-control-wrap\" data-name=\"lente_retornada7_modelo\"><input type=\"text\" name=\"lente_retornada7_modelo\" value=\"\" size=\"40\" class=\"wpcf7-form-control wpcf7-text\" aria-invalid=\"false\" \/><\/span> <\/td>\n<td align=\"center\"><span class=\"wpcf7-form-control-wrap\" data-name=\"lente_retornada7_dioptria\"><input type=\"text\" name=\"lente_retornada7_dioptria\" value=\"\" size=\"40\" class=\"wpcf7-form-control wpcf7-text\" aria-invalid=\"false\" \/><\/span><\/td>\n<td align=\"center\"><span class=\"wpcf7-form-control-wrap\" data-name=\"lente_retornada7_numero\"><input type=\"text\" name=\"lente_retornada7_numero\" value=\"\" size=\"40\" class=\"wpcf7-form-control wpcf7-text\" aria-invalid=\"false\" \/><\/span><\/td>\n<td align=\"center\"><span class=\"wpcf7-form-control-wrap\" data-name=\"lente_retornada7_validade\"><input type=\"text\" name=\"lente_retornada7_validade\" value=\"\" size=\"40\" class=\"wpcf7-form-control wpcf7-text\" aria-invalid=\"false\" \/><\/span><\/td>\n<td align=\"center\"><span class=\"wpcf7-form-control-wrap\" data-name=\"dioptria_desejada7\"><input type=\"text\" name=\"dioptria_desejada7\" value=\"\" size=\"40\" class=\"wpcf7-form-control wpcf7-text\" aria-invalid=\"false\" \/><\/span><\/td>\n<\/tr>\n<tr>\n<td align=\"center\">8<\/td>\n<td align=\"center\"> <span class=\"wpcf7-form-control-wrap\" data-name=\"lente_retornada8_modelo\"><input type=\"text\" name=\"lente_retornada8_modelo\" value=\"\" size=\"40\" class=\"wpcf7-form-control wpcf7-text\" aria-invalid=\"false\" \/><\/span> <\/td>\n<td align=\"center\"><span class=\"wpcf7-form-control-wrap\" data-name=\"lente_retornada8_dioptria\"><input type=\"text\" name=\"lente_retornada8_dioptria\" value=\"\" size=\"40\" class=\"wpcf7-form-control wpcf7-text\" aria-invalid=\"false\" \/><\/span><\/td>\n<td align=\"center\"><span class=\"wpcf7-form-control-wrap\" data-name=\"lente_retornada8_numero\"><input type=\"text\" name=\"lente_retornada8_numero\" value=\"\" size=\"40\" class=\"wpcf7-form-control wpcf7-text\" aria-invalid=\"false\" \/><\/span><\/td>\n<td align=\"center\"><span class=\"wpcf7-form-control-wrap\" data-name=\"lente_retornada8_validade\"><input type=\"text\" name=\"lente_retornada8_validade\" value=\"\" size=\"40\" class=\"wpcf7-form-control wpcf7-text\" aria-invalid=\"false\" \/><\/span><\/td>\n<td align=\"center\"><span class=\"wpcf7-form-control-wrap\" data-name=\"dioptria_desejada8\"><input type=\"text\" name=\"dioptria_desejada8\" value=\"\" size=\"40\" class=\"wpcf7-form-control wpcf7-text\" aria-invalid=\"false\" \/><\/span><\/td>\n<\/tr>\n<\/table>\n<p><input type=\"submit\" value=\"Enviar\" class=\"wpcf7-form-control has-spinner wpcf7-submit\" \/><\/p>\n<div class=\"wpcf7-response-output\" aria-hidden=\"true\"><\/div><\/form><\/div><\/div>\n\n\n\n<p><\/p>\n","protected":false},"excerpt":{"rendered":"<p>Para solicitar a troca de LENTES INTRAOCULARES&nbsp;utilize o formul\u00e1rio abaixo:<\/p>\n","protected":false},"author":1,"featured_media":0,"parent":0,"menu_order":0,"comment_status":"closed","ping_status":"closed","template":"template-fullwidth.php","meta":{"advgb_blocks_editor_width":"","advgb_blocks_columns_visual_guide":""},"coauthors":[],"author_meta":{"author_link":"https:\/\/activamedical.com.br\/hoya\/author\/admactiva\/","display_name":"admactiva"},"relative_dates":{"created":"Posted 4 anos ago","modified":"Updated 4 anos ago"},"absolute_dates":{"created":"Posted on 19 de julho de 2022","modified":"Updated on 25 de julho de 2022"},"absolute_dates_time":{"created":"Posted on 19 de julho de 2022 16:47","modified":"Updated on 25 de julho de 2022 15:42"},"featured_img_caption":"","featured_img":false,"series_order":"","uagb_featured_image_src":{"full":false,"thumbnail":false,"medium":false,"medium_large":false,"large":false,"1536x1536":false,"2048x2048":false,"onepress-blog-small":false,"onepress-small":false,"onepress-medium":false},"uagb_author_info":{"display_name":"admactiva","author_link":"https:\/\/activamedical.com.br\/hoya\/author\/admactiva\/"},"uagb_comment_info":0,"uagb_excerpt":"Para solicitar a troca de LENTES INTRAOCULARES&nbsp;utilize o formul\u00e1rio abaixo:","_links":{"self":[{"href":"https:\/\/activamedical.com.br\/hoya\/wp-json\/wp\/v2\/pages\/1571"}],"collection":[{"href":"https:\/\/activamedical.com.br\/hoya\/wp-json\/wp\/v2\/pages"}],"about":[{"href":"https:\/\/activamedical.com.br\/hoya\/wp-json\/wp\/v2\/types\/page"}],"author":[{"embeddable":true,"href":"https:\/\/activamedical.com.br\/hoya\/wp-json\/wp\/v2\/users\/1"}],"replies":[{"embeddable":true,"href":"https:\/\/activamedical.com.br\/hoya\/wp-json\/wp\/v2\/comments?post=1571"}],"version-history":[{"count":7,"href":"https:\/\/activamedical.com.br\/hoya\/wp-json\/wp\/v2\/pages\/1571\/revisions"}],"predecessor-version":[{"id":1613,"href":"https:\/\/activamedical.com.br\/hoya\/wp-json\/wp\/v2\/pages\/1571\/revisions\/1613"}],"wp:attachment":[{"href":"https:\/\/activamedical.com.br\/hoya\/wp-json\/wp\/v2\/media?parent=1571"}],"curies":[{"name":"wp","href":"https:\/\/api.w.org\/{rel}","templated":true}]}}