{"id":1533,"date":"2022-07-19T12:09:45","date_gmt":"2022-07-19T15:09:45","guid":{"rendered":"http:\/\/activamedical.com.br\/hoya\/?page_id=1533"},"modified":"2022-07-27T17:08:45","modified_gmt":"2022-07-27T20:08:45","slug":"nanex-multisert%e2%81%ba","status":"publish","type":"page","link":"https:\/\/activamedical.com.br\/hoya\/nanex-multisert%e2%81%ba\/","title":{"rendered":"Nanex\u2122 multiSert\u207a\u2122"},"content":{"rendered":"\n<p>O sistema Nanex\u2122 multiSert+\u2122 pr\u00e9-carregado elimina os problemas tradicionalmente associados a cirurgias de catarata com incis\u00f5es menor que 2,2 mm<\/p>\n\n\n\n<div class=\"wp-block-uagb-tabs uagb-block-ff2c70b8 uagb-tabs__wrap uagb-tabs__hstyle1-desktop uagb-tabs__vstyle6-tablet uagb-tabs__vstyle6-mobile\" data-tab-active=\"0\"><ul class=\"uagb-tabs__panel uagb-tabs__align-left\"><li class=\"uagb-tab uagb-tabs__active\"><a href=\"#uagb-tabs__tab0\" class=\"uagb-tabs-list uagb-tabs__icon-position-left\" data-tab=\"0\"><span>Vis\u00e3o Geral<\/span><\/a><\/li><li class=\"uagb-tab \"><a href=\"#uagb-tabs__tab1\" class=\"uagb-tabs-list uagb-tabs__icon-position-left\" data-tab=\"1\"><span>Especifica\u00e7\u00f5es<\/span><\/a><\/li><li class=\"uagb-tab \"><a href=\"#uagb-tabs__tab2\" class=\"uagb-tabs-list uagb-tabs__icon-position-left\" data-tab=\"2\"><span>Downloads<\/span><\/a><\/li><\/ul><div class=\"uagb-tabs__body-wrap\">\n<div class=\"wp-block-uagb-tabs-child uagb-tabs__body-container uagb-tabs__inner-tab uagb-inner-tab-0\"><div class=\"uagb-blocks__d662731e uagb-tabs__body\" aria-labelledby=\"uagb-tabs__tab0\">\n<div class=\"wp-block-media-text alignwide is-stacked-on-mobile\"><figure class=\"wp-block-media-text__media\"><img loading=\"lazy\" width=\"434\" height=\"221\" src=\"https:\/\/activamedical.com.br\/hoya\/wp-content\/uploads\/2022\/07\/nanex-ny1-sp.jpg\" alt=\"\" class=\"wp-image-1534 size-full\" srcset=\"https:\/\/activamedical.com.br\/hoya\/wp-content\/uploads\/2022\/07\/nanex-ny1-sp.jpg 434w, https:\/\/activamedical.com.br\/hoya\/wp-content\/uploads\/2022\/07\/nanex-ny1-sp-300x153.jpg 300w\" sizes=\"(max-width: 434px) 100vw, 434px\" \/><\/figure><div class=\"wp-block-media-text__content\">\n<h2 id=\"nanex-multisert\">Nanex\u2122 multiSert\u207a\u2122<\/h2>\n\n\n\n<h4 id=\"cirurgias-de-catarata-com-microincisao-sem-surpresas\">Cirurgias de catarata com microincis\u00e3o sem surpresas<\/h4>\n\n\n\n<h4 id=\"o-sistema-pre-carregado-com-menor-bisel-disponivel-para-uma-lio-hidrofobica-em-open-loop-alca-aberta-projetado-para-cirurgia-de-catarata-a-partir-de-1-8-mm4\">O sistema pr\u00e9-carregado com menor bisel dispon\u00edvel para uma LIO hidrof\u00f3bica em <em>open-loop<\/em> (al\u00e7a aberta), projetado para cirurgia de catarata a partir de 1,8 mm<sup>4<\/sup><\/h4>\n\n\n\n<p><\/p>\n<\/div><\/div>\n\n\n\n<h4 id=\"o-desenho-inovador-da-nanex-multisert-permite-a-cirurgia-de-catarata-com-incisao-inferior-a-2-2-mm-sem-surpresas\">O desenho inovador da Nanex\u2122 multiSert+\u2122 permite a cirurgia de catarata com incis\u00e3o inferior a 2,2 mm sem surpresas.<\/h4>\n\n\n\n<p><strong>Lente de material acr\u00edlico hidrof\u00f3bico comprovado: <\/strong><\/p>\n\n\n\n<ul><li>mais de 10 milh\u00f5es de unidades implantadas em todo o mundo em mais de 15 anos<sup>1<\/sup><\/li><\/ul>\n\n\n\n<p><strong>Redu\u00e7\u00e3o significativa da OCP:<\/strong><\/p>\n\n\n\n<ul><li>alcan\u00e7ada por meio do tratamento com processo de oxig\u00eanio ativo patenteado da HOYA na superf\u00edcie posterior da LIO Nanex\u2122<sup>2<\/sup><\/li><\/ul>\n\n\n\n<p><strong>Prote\u00e7\u00e3o da incis\u00e3o:<\/strong><\/p>\n\n\n\n<ul><li>minimiza o aumento da incis\u00e3o e permite uma cirurgia minimamente invasiva devido ao sistema pr\u00e9-carregado com menor bisel dispon\u00edvel para uma LIO hidrof\u00f3bica em open-loop (di\u00e2metro externo: 1,62 mm)<sup>3<\/sup><\/li><\/ul>\n\n\n\n<p><strong>Excelente consist\u00eancia e suavidade no implante: <\/strong><\/p>\n\n\n\n<ul><li>libera\u00e7\u00e3o previs\u00edvel da lente proporcionada pelo exclusivo injetor patenteado da HOYA<sup>4<\/sup><\/li><\/ul>\n\n\n\n<p><strong>Injetar ou rosquear, Insert Shield ativo ou n\u00e3o, de acordo com a preferencia do cirurgi\u00e3o a cada caso<\/strong><\/p>\n\n\n\n<p><small>Refer\u00eancia:<\/small><\/p>\n\n\n\n<p><small>1. Dados em arquivo, HOYA Medical Singapore Pte. Ltd, 2018..<\/small><\/p>\n\n\n\n<p><small>2. Matsushima H, et al. Active oxygen processing for acrylic intraocular lenses to prevent posterior capsule opacification. J Cataract Refract Surg. 2006; 32:1035-1040; (Estudo de OCP nos olhos de coelhos).<\/small><\/p>\n\n\n\n<p><small>3. Comparative porcine eye study: study result. David J Apple International Laboratory for Ocular Pathology, University Hospital Heidelberg. Relat\u00f3rio no arquivo.<\/small><\/p>\n\n\n\n<p><small>4. Dados em arquivo, HOYA Medical Singapore Pte. Ltd, 2019.<\/small><\/p>\n\n\n\n<p><small>5. Dados em arquivo, HOYA Medical Singapore Pte. Ltd, 2019.<\/small><\/p>\n<\/div><\/div>\n\n\n\n<div class=\"wp-block-uagb-tabs-child uagb-tabs__body-container uagb-tabs__inner-tab uagb-inner-tab-1\"><div class=\"uagb-blocks__c409ede3 uagb-tabs__body\" aria-labelledby=\"uagb-tabs__tab1\">\n<figure class=\"wp-block-table alignleft is-style-regular\"><table><tbody><tr><td class=\"has-text-align-left\" data-align=\"left\"><strong>Nome do modelo<\/strong><\/td><td class=\"has-text-align-left\" data-align=\"left\">Nanex<sup>TM<\/sup> multiSert<sup>+TM<\/sup> (NY1-SP)<\/td><\/tr><tr><td class=\"has-text-align-left\" data-align=\"left\"><strong>Material \u00d3ptico<\/strong> <strong>e das al\u00e7as<\/strong><\/td><td class=\"has-text-align-left\" data-align=\"left\">Acr\u00edlico hidrof\u00f3bico com filtro UV e filtro de luz azul<\/td><\/tr><tr><td class=\"has-text-align-left\" data-align=\"left\"><strong>Design \u00f3ptico<\/strong><\/td><td class=\"has-text-align-left\" data-align=\"left\">Asf\u00e9rico com borda \u00f3ptica quadrada<\/td><\/tr><tr><td class=\"has-text-align-left\" data-align=\"left\"><strong>Design das al\u00e7as<\/strong><\/td><td class=\"has-text-align-left\" data-align=\"left\">C-loop modificado, angula\u00e7\u00e3o de 5\u00b0<\/td><\/tr><tr><td class=\"has-text-align-left\" data-align=\"left\"><strong>Di\u00e2metro (\u00f3ptico\/OAL)<\/strong><\/td><td class=\"has-text-align-left\" data-align=\"left\">6.00 mm \/ 13.00 mm<\/td><\/tr><tr><td class=\"has-text-align-left\" data-align=\"left\"><strong>Dioptrias<\/strong><\/td><td class=\"has-text-align-left\" data-align=\"left\">+6,00 a +30,00 D<br>(em incrementos de 0,50 D)<\/td><\/tr><tr><td class=\"has-text-align-left\" data-align=\"left\"><strong>Injetor<\/strong><\/td><td class=\"has-text-align-left\" data-align=\"left\">MultiSert<sup>+TM<\/sup> pr\u00e9-carregado<\/td><\/tr><tr><td class=\"has-text-align-left\" data-align=\"left\"><strong>Di\u00e2metro externo do bizel do injetor<\/strong><\/td><td class=\"has-text-align-left\" data-align=\"left\">1.62 mm<\/td><\/tr><tr><td class=\"has-text-align-left\" data-align=\"left\"><strong>Tamanho da incis\u00e3o<\/strong><\/td><td class=\"has-text-align-left\" data-align=\"left\">A partir de 1,8mm<\/td><\/tr><tr><td class=\"has-text-align-left\" data-align=\"left\"><strong>Constante A nominal*<\/strong><\/td><td class=\"has-text-align-left\" data-align=\"left\">119,2<\/td><\/tr><\/tbody><\/table><\/figure>\n<\/div><\/div>\n\n\n\n<div class=\"wp-block-uagb-tabs-child uagb-tabs__body-container uagb-tabs__inner-tab uagb-inner-tab-2\"><div class=\"uagb-blocks__a9b4b5a4 uagb-tabs__body\" aria-labelledby=\"uagb-tabs__tab2\">\n<div class=\"wp-container-6a09b5190a564 wp-block-buttons\">\n<div class=\"wp-block-button\"><a class=\"wp-block-button__link has-vivid-cyan-blue-background-color has-background\" href=\"https:\/\/activamedical.com.br\/hoya\/wp-content\/uploads\/2022\/07\/brochure-nanex.pdf\" target=\"_blank\" rel=\"noreferrer noopener\">Brochure Nanex\u2122 multiSert\u207a\u2122<\/a><\/div>\n<\/div>\n\n\n\n<div class=\"wp-container-6a09b5190a8c1 wp-block-buttons\">\n<div class=\"wp-block-button\"><a class=\"wp-block-button__link has-vivid-cyan-blue-background-color has-background\" href=\"https:\/\/activamedical.com.br\/hoya\/wp-content\/uploads\/2022\/07\/data-sheet-nanex.pdf\" target=\"_blank\" rel=\"noreferrer noopener\">Data Sheet Nanex\u2122 multiSert\u207a\u2122<\/a><\/div>\n<\/div>\n<\/div><\/div>\n<\/div><\/div>\n\n\n\n<p><\/p>\n","protected":false},"excerpt":{"rendered":"<p>O sistema Nanex\u2122 multiSert+\u2122 pr\u00e9-carregado elimina os problemas tradicionalmente associados a cirurgias de catarata com incis\u00f5es menor que 2,2 mm<\/p>\n","protected":false},"author":1,"featured_media":0,"parent":0,"menu_order":0,"comment_status":"closed","ping_status":"closed","template":"","meta":{"advgb_blocks_editor_width":"","advgb_blocks_columns_visual_guide":""},"coauthors":[],"author_meta":{"author_link":"https:\/\/activamedical.com.br\/hoya\/author\/admactiva\/","display_name":"admactiva"},"relative_dates":{"created":"Posted 4 anos ago","modified":"Updated 4 anos ago"},"absolute_dates":{"created":"Posted on 19 de julho de 2022","modified":"Updated on 27 de julho de 2022"},"absolute_dates_time":{"created":"Posted on 19 de julho de 2022 12:09","modified":"Updated on 27 de julho de 2022 17:08"},"featured_img_caption":"","featured_img":false,"series_order":"","uagb_featured_image_src":{"full":false,"thumbnail":false,"medium":false,"medium_large":false,"large":false,"1536x1536":false,"2048x2048":false,"onepress-blog-small":false,"onepress-small":false,"onepress-medium":false},"uagb_author_info":{"display_name":"admactiva","author_link":"https:\/\/activamedical.com.br\/hoya\/author\/admactiva\/"},"uagb_comment_info":0,"uagb_excerpt":"O sistema Nanex\u2122 multiSert+\u2122 pr\u00e9-carregado elimina os problemas tradicionalmente associados a cirurgias de catarata com incis\u00f5es menor que 2,2 mm","_links":{"self":[{"href":"https:\/\/activamedical.com.br\/hoya\/wp-json\/wp\/v2\/pages\/1533"}],"collection":[{"href":"https:\/\/activamedical.com.br\/hoya\/wp-json\/wp\/v2\/pages"}],"about":[{"href":"https:\/\/activamedical.com.br\/hoya\/wp-json\/wp\/v2\/types\/page"}],"author":[{"embeddable":true,"href":"https:\/\/activamedical.com.br\/hoya\/wp-json\/wp\/v2\/users\/1"}],"replies":[{"embeddable":true,"href":"https:\/\/activamedical.com.br\/hoya\/wp-json\/wp\/v2\/comments?post=1533"}],"version-history":[{"count":11,"href":"https:\/\/activamedical.com.br\/hoya\/wp-json\/wp\/v2\/pages\/1533\/revisions"}],"predecessor-version":[{"id":1693,"href":"https:\/\/activamedical.com.br\/hoya\/wp-json\/wp\/v2\/pages\/1533\/revisions\/1693"}],"wp:attachment":[{"href":"https:\/\/activamedical.com.br\/hoya\/wp-json\/wp\/v2\/media?parent=1533"}],"curies":[{"name":"wp","href":"https:\/\/api.w.org\/{rel}","templated":true}]}}