{"id":1525,"date":"2022-07-19T11:55:56","date_gmt":"2022-07-19T14:55:56","guid":{"rendered":"http:\/\/activamedical.com.br\/hoya\/?page_id=1525"},"modified":"2022-07-21T11:48:23","modified_gmt":"2022-07-21T14:48:23","slug":"hoya-isert-255-amarela","status":"publish","type":"page","link":"https:\/\/activamedical.com.br\/hoya\/hoya-isert-255-amarela\/","title":{"rendered":"Hoya Isert<sup>\u00ae<\/sup> 255 (amarela)"},"content":{"rendered":"\n<p>LIO asf\u00e9rica de pe\u00e7a \u00fanica, injetor pr\u00e9-carregado, acr\u00edlico hidrof\u00f3bico<\/p>\n\n\n\n<div class=\"wp-block-uagb-tabs uagb-block-283e1d2e uagb-tabs__wrap uagb-tabs__hstyle1-desktop uagb-tabs__vstyle6-tablet uagb-tabs__vstyle6-mobile\" data-tab-active=\"0\"><ul class=\"uagb-tabs__panel uagb-tabs__align-left\"><li class=\"uagb-tab uagb-tabs__active\"><a href=\"#uagb-tabs__tab0\" class=\"uagb-tabs-list uagb-tabs__icon-position-left\" data-tab=\"0\"><span>Vis\u00e3o Geral<\/span><\/a><\/li><li class=\"uagb-tab \"><a href=\"#uagb-tabs__tab1\" class=\"uagb-tabs-list uagb-tabs__icon-position-left\" data-tab=\"1\"><span>Especifica\u00e7\u00f5es<\/span><\/a><\/li><li class=\"uagb-tab \"><a href=\"#uagb-tabs__tab2\" class=\"uagb-tabs-list uagb-tabs__icon-position-left\" data-tab=\"2\"><span>Downloads<\/span><\/a><\/li><\/ul><div class=\"uagb-tabs__body-wrap\">\n<div class=\"wp-block-uagb-tabs-child uagb-tabs__body-container uagb-tabs__inner-tab uagb-inner-tab-0\"><div class=\"uagb-blocks__268c087e uagb-tabs__body\" aria-labelledby=\"uagb-tabs__tab0\">\n<div class=\"wp-block-media-text alignwide is-stacked-on-mobile\"><figure class=\"wp-block-media-text__media\"><img loading=\"lazy\" width=\"610\" height=\"442\" src=\"https:\/\/activamedical.com.br\/hoya\/wp-content\/uploads\/2022\/07\/isert_255.jpg\" alt=\"\" class=\"wp-image-1528 size-full\" srcset=\"https:\/\/activamedical.com.br\/hoya\/wp-content\/uploads\/2022\/07\/isert_255.jpg 610w, https:\/\/activamedical.com.br\/hoya\/wp-content\/uploads\/2022\/07\/isert_255-300x217.jpg 300w\" sizes=\"(max-width: 610px) 100vw, 610px\" \/><\/figure><div class=\"wp-block-media-text__content\">\n<h2>Isert<sup>\u00ae<\/sup><\/h2>\n\n\n\n<h3>Cirurgia de Catarata Simplificada<\/h3>\n\n\n\n<p><\/p>\n<\/div><\/div>\n\n\n\n<p><strong>Simples, r\u00e1pido, previs\u00edvel<sup>1,2<\/sup> <\/strong><\/p>\n\n\n\n<ul><li>M\u00e9dicos consideram o iSert<sup>\u00ae<\/sup> f\u00e1cil de usar<sup>1<\/sup><\/li><\/ul>\n\n\n\n<ul><li>O implante com iSert<sup>\u00ae<\/sup> \u00e9 mais r\u00e1pido que os sistemas de inje\u00e7\u00e3o com carregamento manual<sup>2<\/sup><\/li><\/ul>\n\n\n\n<p><strong>Melhora a efici\u00eancia e a produtividade<sup>3,4<\/sup><\/strong><\/p>\n\n\n\n<ul><li>Sistemas pr\u00e9-carregados simplificam os procedimentos operacionais e liberam sua equipe de tarefas di\u00e1rias demoradas<\/li><\/ul>\n\n\n\n<p><strong>Borda \u00f3ptica quadrada<sup>5<\/sup><\/strong><\/p>\n\n\n\n<ul><li>Lio de material hidrof\u00f3bico comprovado<\/li><\/ul>\n\n\n\n<ul><li>Mais de 10 milh\u00f5es de LIOs vendidas em todo o mundo em 15 anos<sup>6<\/sup><\/li><\/ul>\n\n\n\n<p><small>Refer\u00eancia:<\/small><\/p>\n\n\n\n<p><small>1. Estudo de acompanhamento cl\u00ednico p\u00f3s-mercado da HOYA avaliando a seguran\u00e7a e o desempenho das LIOs HOYA na pr\u00e1tica de rotina. Dados em arquivo, HOYA Medical Singapore Pte. Ltd. 2018. CSR_PMCF-101LONG_6mlr_07092018.<\/small><\/p>\n\n\n\n<p><small>2. Chung B, et al. Sistema de inje\u00e7\u00e3o de lentes intraoculares pr\u00e9-carregadas e n\u00e3o pr\u00e9-carregadas e caracter\u00edsticas: teste em olhos humanos e su\u00ednos. Int J Ophthalmol 2018;11:6-11.<\/small><\/p>\n\n\n\n<p><small>3. Cartucho HOYA IFU. Dispon\u00edvel em: http:\/\/hoyasurgicaloptics.com\/eu\/professionals\/eifu\/. Acesso em 28 de mar\u00e7o de 2019.<\/small><\/p>\n\n\n\n<p><small>4. HOYA iSert\u00ae 254 IFU. Dispon\u00edvel em: http:\/\/hoyasurgicaloptics.com\/eu\/professionals\/eifu\/. Acesso em 28 de mar\u00e7o de 2019.<\/small><\/p>\n\n\n\n<p><small>5. Werner L, Tetz M. Perfis de borda de lentes intra-oculares atualmente dispon\u00edveis e melhorias recentes. Eur Ophthalmic Rev 2009;3:74\u20137<\/small><\/p>\n\n\n\n<p><small>6. Dados em arquivo, HOYA Medical Singapore Pte. Ltd. 2018.<\/small><\/p>\n<\/div><\/div>\n\n\n\n<div class=\"wp-block-uagb-tabs-child uagb-tabs__body-container uagb-tabs__inner-tab uagb-inner-tab-1\"><div class=\"uagb-blocks__7f6607dd uagb-tabs__body\" aria-labelledby=\"uagb-tabs__tab1\">\n<figure class=\"wp-block-table alignleft is-style-regular\"><table><tbody><tr><td class=\"has-text-align-left\" data-align=\"left\"><strong>Nome do modelo<\/strong><\/td><td class=\"has-text-align-left\" data-align=\"left\">Hoya iSert<sup>\u00ae<\/sup> 255<\/td><\/tr><tr><td class=\"has-text-align-left\" data-align=\"left\"><strong>Especifica\u00e7\u00e3o<\/strong><\/td><td class=\"has-text-align-left\" data-align=\"left\">Filtro UV e filtro de luz azul<\/td><\/tr><tr><td class=\"has-text-align-left\" data-align=\"left\"><strong>Material \u00d3ptico<\/strong><\/td><td class=\"has-text-align-left\" data-align=\"left\">Acr\u00edlico hidrof\u00f3bico (AF-1)<\/td><\/tr><tr><td class=\"has-text-align-left\" data-align=\"left\"><strong>Design \u00f3ptico<\/strong><\/td><td class=\"has-text-align-left\" data-align=\"left\">Lente com desenho asf\u00e9rico, corre\u00e7\u00e3o de aberra\u00e7\u00e3o<\/td><\/tr><tr><td class=\"has-text-align-left\" data-align=\"left\"><strong>Fabrica\u00e7\u00e3o<\/strong><\/td><td class=\"has-text-align-left\" data-align=\"left\">Torneado e polido<\/td><\/tr><tr><td class=\"has-text-align-left\" data-align=\"left\"><strong>Material das al\u00e7as<\/strong><\/td><td class=\"has-text-align-left\" data-align=\"left\">Acr\u00edlico hidrof\u00f3bico com as pontas das al\u00e7as em PMMA azul unidos quimicamente<\/td><\/tr><tr><td class=\"has-text-align-left\" data-align=\"left\"><strong>Configura\u00e7\u00e3o das al\u00e7as<\/strong><\/td><td class=\"has-text-align-left\" data-align=\"left\">C-loop modificado, angula\u00e7\u00e3o de 5\u00b0.<\/td><\/tr><tr><td class=\"has-text-align-left\" data-align=\"left\"><strong>Dimens\u00f5es (\u00f3ptica total)<\/strong><\/td><td class=\"has-text-align-left\" data-align=\"left\">6,0 mm \/ 12,5 mm<\/td><\/tr><tr><td class=\"has-text-align-left\" data-align=\"left\"><strong>Dioptrias<\/strong><\/td><td class=\"has-text-align-left\" data-align=\"left\">+6,00 a +30,00 D<br>(em incrementos de 0,50 D)<\/td><\/tr><tr><td class=\"has-text-align-left\" data-align=\"left\"><strong>Constante A nominal*<\/strong><\/td><td class=\"has-text-align-left\" data-align=\"left\">118,4<\/td><\/tr><tr><td class=\"has-text-align-left\" data-align=\"left\"><strong>Constantes Otimizadas**<\/strong><\/td><td class=\"has-text-align-left\" data-align=\"left\">Haigis a0 = -0,542<br>a1 = 0,161 a2 = 0,204<br>Hoffer Q pACD = 5,30<br>Holladay 1 sf = 1,52<br>SRK\/T A = 118,5<\/td><\/tr><tr><td class=\"has-text-align-left\" data-align=\"left\"><strong>Di\u00e2metro externo do injetor<\/strong><\/td><td class=\"has-text-align-left\" data-align=\"left\">1,78 mm<\/td><\/tr><tr><td class=\"has-text-align-left\" data-align=\"left\"><strong>Injetor<\/strong><\/td><td class=\"has-text-align-left\" data-align=\"left\">iSert<sup>\u00ae<\/sup> pr\u00e9-carregado<\/td><\/tr><\/tbody><\/table><\/figure>\n<\/div><\/div>\n\n\n\n<div class=\"wp-block-uagb-tabs-child uagb-tabs__body-container uagb-tabs__inner-tab uagb-inner-tab-2\"><div class=\"uagb-blocks__54bb7e3e uagb-tabs__body\" aria-labelledby=\"uagb-tabs__tab2\">\n<div class=\"wp-container-6a09b51916587 wp-block-buttons\">\n<div class=\"wp-block-button\"><a class=\"wp-block-button__link has-vivid-cyan-blue-background-color has-background\" href=\"https:\/\/activamedical.com.br\/hoya\/wp-content\/uploads\/2022\/07\/2020-03-31-hsoe-255-ds-en_976_16164161671.pdf\" target=\"_blank\" rel=\"noreferrer noopener\">Data Sheet Isert<sup>\u00ae<\/sup> 255 (pdf)<\/a><\/div>\n<\/div>\n<\/div><\/div>\n<\/div><\/div>\n\n\n\n<p><\/p>\n","protected":false},"excerpt":{"rendered":"<p>LIO asf\u00e9rica de pe\u00e7a \u00fanica, injetor pr\u00e9-carregado, acr\u00edlico hidrof\u00f3bico<\/p>\n","protected":false},"author":1,"featured_media":0,"parent":0,"menu_order":0,"comment_status":"closed","ping_status":"closed","template":"","meta":{"advgb_blocks_editor_width":"","advgb_blocks_columns_visual_guide":""},"coauthors":[],"author_meta":{"author_link":"https:\/\/activamedical.com.br\/hoya\/author\/admactiva\/","display_name":"admactiva"},"relative_dates":{"created":"Posted 4 anos ago","modified":"Updated 4 anos ago"},"absolute_dates":{"created":"Posted on 19 de julho de 2022","modified":"Updated on 21 de julho de 2022"},"absolute_dates_time":{"created":"Posted on 19 de julho de 2022 11:55","modified":"Updated on 21 de julho de 2022 11:48"},"featured_img_caption":"","featured_img":false,"series_order":"","uagb_featured_image_src":{"full":false,"thumbnail":false,"medium":false,"medium_large":false,"large":false,"1536x1536":false,"2048x2048":false,"onepress-blog-small":false,"onepress-small":false,"onepress-medium":false},"uagb_author_info":{"display_name":"admactiva","author_link":"https:\/\/activamedical.com.br\/hoya\/author\/admactiva\/"},"uagb_comment_info":0,"uagb_excerpt":"LIO asf\u00e9rica de pe\u00e7a \u00fanica, injetor pr\u00e9-carregado, acr\u00edlico hidrof\u00f3bico","_links":{"self":[{"href":"https:\/\/activamedical.com.br\/hoya\/wp-json\/wp\/v2\/pages\/1525"}],"collection":[{"href":"https:\/\/activamedical.com.br\/hoya\/wp-json\/wp\/v2\/pages"}],"about":[{"href":"https:\/\/activamedical.com.br\/hoya\/wp-json\/wp\/v2\/types\/page"}],"author":[{"embeddable":true,"href":"https:\/\/activamedical.com.br\/hoya\/wp-json\/wp\/v2\/users\/1"}],"replies":[{"embeddable":true,"href":"https:\/\/activamedical.com.br\/hoya\/wp-json\/wp\/v2\/comments?post=1525"}],"version-history":[{"count":5,"href":"https:\/\/activamedical.com.br\/hoya\/wp-json\/wp\/v2\/pages\/1525\/revisions"}],"predecessor-version":[{"id":1584,"href":"https:\/\/activamedical.com.br\/hoya\/wp-json\/wp\/v2\/pages\/1525\/revisions\/1584"}],"wp:attachment":[{"href":"https:\/\/activamedical.com.br\/hoya\/wp-json\/wp\/v2\/media?parent=1525"}],"curies":[{"name":"wp","href":"https:\/\/api.w.org\/{rel}","templated":true}]}}